{"id":65468,"date":"2017-12-19T13:12:34","date_gmt":"2017-12-19T13:12:34","guid":{"rendered":"http:\/\/chatyzawsia.eu\/?page_id=65468"},"modified":"2023-05-15T12:39:29","modified_gmt":"2023-05-15T12:39:29","slug":"chata-pruska","status":"publish","type":"page","link":"http:\/\/chatyzawsia.eu\/?page_id=65468","title":{"rendered":"Chata Pruska"},"content":{"rendered":"<div class=\"wpb-content-wrapper\"><p>[vc_row row_height_percent=&#8221;0&#8243; overlay_color=&#8221;color-xsdn&#8221; overlay_alpha=&#8221;50&#8243; gutter_size=&#8221;3&#8243; column_width_percent=&#8221;100&#8243; shift_y=&#8221;0&#8243; z_index=&#8221;0&#8243;][vc_column column_width_percent=&#8221;100&#8243; position_horizontal=&#8221;left&#8221; gutter_size=&#8221;3&#8243; overlay_alpha=&#8221;50&#8243; shift_x=&#8221;0&#8243; shift_y=&#8221;0&#8243; shift_y_down=&#8221;0&#8243; z_index=&#8221;0&#8243; medium_width=&#8221;0&#8243; mobile_width=&#8221;0&#8243; width=&#8221;1\/1&#8243;][vc_row_inner][vc_column_inner column_width_percent=&#8221;100&#8243; position_horizontal=&#8221;left&#8221; gutter_size=&#8221;3&#8243; font_family=&#8221;font-411285&#8243; overlay_alpha=&#8221;50&#8243; shift_x=&#8221;0&#8243; shift_y=&#8221;0&#8243; shift_y_down=&#8221;0&#8243; z_index=&#8221;0&#8243; medium_width=&#8221;0&#8243; mobile_width=&#8221;0&#8243; width=&#8221;1\/2&#8243;][vc_column_text]<\/p>\n<div class=\"opis fl\">\n<h4 class=\"opp fl\">&#8211; dom wolnostoj\u0105cy- powierzchnia u\u017cytkowa ok 120m2<\/h4>\n<h4 class=\"opp fl\">&#8211; ca\u0142o\u015b\u0107 wyko\u0144czona w stylu pruskim<\/h4>\n<h4 class=\"opp fl\">&#8211; na parterze kuchnia z jadalni\u0105, salon oraz \u0142azienka<\/h4>\n<h4 class=\"opp fl\">&#8211; na pi\u0119trze dwie sypialnie<\/h4>\n<h4 class=\"opp fl\">&#8211; p\u0142aski telewizor w salonie<\/h4>\n<h4 class=\"opp fl\">&#8211; \u0142azienka z nowoczesn\u0105 kabin\u0105 prysznicow\u0105 i suszark\u0105 do w\u0142os\u00f3w<\/h4>\n<\/div>\n<p>[\/vc_column_text][\/vc_column_inner][vc_column_inner width=&#8221;1\/2&#8243;][vc_gallery el_id=&#8221;gallery-208726&#8243; medias=&#8221;65921,65939,65936,65937,65942,65941,65940,65944&#8243; gutter_size=&#8221;1&#8243; screen_lg=&#8221;1000&#8243; screen_md=&#8221;600&#8243; screen_sm=&#8221;480&#8243; single_width=&#8221;3&#8243; single_overlay_opacity=&#8221;50&#8243; single_padding=&#8221;2&#8243; uncode_shortcode_id=&#8221;101112&#8243;][\/vc_column_inner][\/vc_row_inner][\/vc_column][\/vc_row]<\/p>\n<\/div>","protected":false},"excerpt":{"rendered":"<p>[vc_row row_height_percent=&#8221;0&#8243; overlay_color=&#8221;color-xsdn&#8221; overlay_alpha=&#8221;50&#8243; gutter_size=&#8221;3&#8243; column_width_percent=&#8221;100&#8243; shift_y=&#8221;0&#8243; z_index=&#8221;0&#8243;][vc_column column_width_percent=&#8221;100&#8243; position_horizontal=&#8221;left&#8221; gutter_size=&#8221;3&#8243; overlay_alpha=&#8221;50&#8243; shift_x=&#8221;0&#8243; shift_y=&#8221;0&#8243; shift_y_down=&#8221;0&#8243; z_index=&#8221;0&#8243; medium_width=&#8221;0&#8243; mobile_width=&#8221;0&#8243; width=&#8221;1\/1&#8243;][vc_row_inner][vc_column_inner column_width_percent=&#8221;100&#8243; [&hellip;]<\/p>\n","protected":false},"author":1,"featured_media":65504,"parent":0,"menu_order":0,"comment_status":"closed","ping_status":"closed","template":"","meta":{"footnotes":""},"yoast_head":"<!-- This site is optimized with the Yoast SEO plugin v22.3 - https:\/\/yoast.com\/wordpress\/plugins\/seo\/ -->\n<title>Chata Pruska - Chaty za wsi\u0105<\/title>\n<meta name=\"robots\" content=\"index, follow, max-snippet:-1, max-image-preview:large, max-video-preview:-1\" \/>\n<link rel=\"canonical\" href=\"http:\/\/chatyzawsia.eu\/?page_id=65468\" \/>\n<meta property=\"og:locale\" content=\"pl_PL\" \/>\n<meta property=\"og:type\" content=\"article\" \/>\n<meta property=\"og:title\" content=\"Chata Pruska - Chaty za wsi\u0105\" \/>\n<meta property=\"og:description\" content=\"[vc_row row_height_percent=&#8221;0&#8243; overlay_color=&#8221;color-xsdn&#8221; overlay_alpha=&#8221;50&#8243; gutter_size=&#8221;3&#8243; column_width_percent=&#8221;100&#8243; shift_y=&#8221;0&#8243; z_index=&#8221;0&#8243;][vc_column column_width_percent=&#8221;100&#8243; position_horizontal=&#8221;left&#8221; gutter_size=&#8221;3&#8243; overlay_alpha=&#8221;50&#8243; shift_x=&#8221;0&#8243; shift_y=&#8221;0&#8243; shift_y_down=&#8221;0&#8243; z_index=&#8221;0&#8243; medium_width=&#8221;0&#8243; mobile_width=&#8221;0&#8243; width=&#8221;1\/1&#8243;][vc_row_inner][vc_column_inner column_width_percent=&#8221;100&#8243; [&hellip;]\" \/>\n<meta property=\"og:url\" content=\"http:\/\/chatyzawsia.eu\/?page_id=65468\" \/>\n<meta property=\"og:site_name\" content=\"Chaty za wsi\u0105\" \/>\n<meta property=\"article:modified_time\" content=\"2023-05-15T12:39:29+00:00\" \/>\n<meta property=\"og:image\" content=\"http:\/\/chatyzawsia.eu\/wp-content\/uploads\/2017\/12\/Sypialnia_01.jpg\" \/>\n\t<meta property=\"og:image:width\" content=\"1600\" \/>\n\t<meta property=\"og:image:height\" content=\"1143\" \/>\n\t<meta property=\"og:image:type\" content=\"image\/jpeg\" \/>\n<meta name=\"twitter:card\" content=\"summary_large_image\" \/>\n<meta name=\"twitter:label1\" content=\"Szacowany czas czytania\" \/>\n\t<meta name=\"twitter:data1\" content=\"1 minuta\" \/>\n<script type=\"application\/ld+json\" class=\"yoast-schema-graph\">{\"@context\":\"https:\/\/schema.org\",\"@graph\":[{\"@type\":\"WebPage\",\"@id\":\"http:\/\/chatyzawsia.eu\/?page_id=65468\",\"url\":\"http:\/\/chatyzawsia.eu\/?page_id=65468\",\"name\":\"Chata Pruska - Chaty za wsi\u0105\",\"isPartOf\":{\"@id\":\"http:\/\/chatyzawsia.eu\/#website\"},\"primaryImageOfPage\":{\"@id\":\"http:\/\/chatyzawsia.eu\/?page_id=65468#primaryimage\"},\"image\":{\"@id\":\"http:\/\/chatyzawsia.eu\/?page_id=65468#primaryimage\"},\"thumbnailUrl\":\"http:\/\/chatyzawsia.eu\/wp-content\/uploads\/2017\/12\/Sypialnia_01.jpg\",\"datePublished\":\"2017-12-19T13:12:34+00:00\",\"dateModified\":\"2023-05-15T12:39:29+00:00\",\"breadcrumb\":{\"@id\":\"http:\/\/chatyzawsia.eu\/?page_id=65468#breadcrumb\"},\"inLanguage\":\"pl-PL\",\"potentialAction\":[{\"@type\":\"ReadAction\",\"target\":[\"http:\/\/chatyzawsia.eu\/?page_id=65468\"]}]},{\"@type\":\"ImageObject\",\"inLanguage\":\"pl-PL\",\"@id\":\"http:\/\/chatyzawsia.eu\/?page_id=65468#primaryimage\",\"url\":\"http:\/\/chatyzawsia.eu\/wp-content\/uploads\/2017\/12\/Sypialnia_01.jpg\",\"contentUrl\":\"http:\/\/chatyzawsia.eu\/wp-content\/uploads\/2017\/12\/Sypialnia_01.jpg\",\"width\":1600,\"height\":1143},{\"@type\":\"BreadcrumbList\",\"@id\":\"http:\/\/chatyzawsia.eu\/?page_id=65468#breadcrumb\",\"itemListElement\":[{\"@type\":\"ListItem\",\"position\":1,\"name\":\"Strona g\u0142\u00f3wna\",\"item\":\"http:\/\/chatyzawsia.eu\/\"},{\"@type\":\"ListItem\",\"position\":2,\"name\":\"Chata Pruska\"}]},{\"@type\":\"WebSite\",\"@id\":\"http:\/\/chatyzawsia.eu\/#website\",\"url\":\"http:\/\/chatyzawsia.eu\/\",\"name\":\"Chaty za wsi\u0105\",\"description\":\"Daleko od wielkomiejskiego zgie\u0142ku po\u015br\u00f3d mazurskich las\u00f3w i jezior, gdzie\u015b mi\u0119dzy Mr\u0105gowem, a Gi\u017cyckiem czeka na Pa\u0144stwa oaza spokoju i wypoczynku, kompleks turystyczny \u201eChaty za wsi\u0105\u201d.\",\"potentialAction\":[{\"@type\":\"SearchAction\",\"target\":{\"@type\":\"EntryPoint\",\"urlTemplate\":\"http:\/\/chatyzawsia.eu\/?s={search_term_string}\"},\"query-input\":\"required name=search_term_string\"}],\"inLanguage\":\"pl-PL\"}]}<\/script>\n<!-- \/ Yoast SEO plugin. -->","yoast_head_json":{"title":"Chata Pruska - Chaty za wsi\u0105","robots":{"index":"index","follow":"follow","max-snippet":"max-snippet:-1","max-image-preview":"max-image-preview:large","max-video-preview":"max-video-preview:-1"},"canonical":"http:\/\/chatyzawsia.eu\/?page_id=65468","og_locale":"pl_PL","og_type":"article","og_title":"Chata Pruska - Chaty za wsi\u0105","og_description":"[vc_row row_height_percent=&#8221;0&#8243; overlay_color=&#8221;color-xsdn&#8221; overlay_alpha=&#8221;50&#8243; gutter_size=&#8221;3&#8243; column_width_percent=&#8221;100&#8243; shift_y=&#8221;0&#8243; z_index=&#8221;0&#8243;][vc_column column_width_percent=&#8221;100&#8243; position_horizontal=&#8221;left&#8221; gutter_size=&#8221;3&#8243; overlay_alpha=&#8221;50&#8243; shift_x=&#8221;0&#8243; shift_y=&#8221;0&#8243; shift_y_down=&#8221;0&#8243; z_index=&#8221;0&#8243; medium_width=&#8221;0&#8243; mobile_width=&#8221;0&#8243; width=&#8221;1\/1&#8243;][vc_row_inner][vc_column_inner column_width_percent=&#8221;100&#8243; [&hellip;]","og_url":"http:\/\/chatyzawsia.eu\/?page_id=65468","og_site_name":"Chaty za wsi\u0105","article_modified_time":"2023-05-15T12:39:29+00:00","og_image":[{"width":1600,"height":1143,"url":"http:\/\/chatyzawsia.eu\/wp-content\/uploads\/2017\/12\/Sypialnia_01.jpg","type":"image\/jpeg"}],"twitter_card":"summary_large_image","twitter_misc":{"Szacowany czas czytania":"1 minuta"},"schema":{"@context":"https:\/\/schema.org","@graph":[{"@type":"WebPage","@id":"http:\/\/chatyzawsia.eu\/?page_id=65468","url":"http:\/\/chatyzawsia.eu\/?page_id=65468","name":"Chata Pruska - Chaty za wsi\u0105","isPartOf":{"@id":"http:\/\/chatyzawsia.eu\/#website"},"primaryImageOfPage":{"@id":"http:\/\/chatyzawsia.eu\/?page_id=65468#primaryimage"},"image":{"@id":"http:\/\/chatyzawsia.eu\/?page_id=65468#primaryimage"},"thumbnailUrl":"http:\/\/chatyzawsia.eu\/wp-content\/uploads\/2017\/12\/Sypialnia_01.jpg","datePublished":"2017-12-19T13:12:34+00:00","dateModified":"2023-05-15T12:39:29+00:00","breadcrumb":{"@id":"http:\/\/chatyzawsia.eu\/?page_id=65468#breadcrumb"},"inLanguage":"pl-PL","potentialAction":[{"@type":"ReadAction","target":["http:\/\/chatyzawsia.eu\/?page_id=65468"]}]},{"@type":"ImageObject","inLanguage":"pl-PL","@id":"http:\/\/chatyzawsia.eu\/?page_id=65468#primaryimage","url":"http:\/\/chatyzawsia.eu\/wp-content\/uploads\/2017\/12\/Sypialnia_01.jpg","contentUrl":"http:\/\/chatyzawsia.eu\/wp-content\/uploads\/2017\/12\/Sypialnia_01.jpg","width":1600,"height":1143},{"@type":"BreadcrumbList","@id":"http:\/\/chatyzawsia.eu\/?page_id=65468#breadcrumb","itemListElement":[{"@type":"ListItem","position":1,"name":"Strona g\u0142\u00f3wna","item":"http:\/\/chatyzawsia.eu\/"},{"@type":"ListItem","position":2,"name":"Chata Pruska"}]},{"@type":"WebSite","@id":"http:\/\/chatyzawsia.eu\/#website","url":"http:\/\/chatyzawsia.eu\/","name":"Chaty za wsi\u0105","description":"Daleko od wielkomiejskiego zgie\u0142ku po\u015br\u00f3d mazurskich las\u00f3w i jezior, gdzie\u015b mi\u0119dzy Mr\u0105gowem, a Gi\u017cyckiem czeka na Pa\u0144stwa oaza spokoju i wypoczynku, kompleks turystyczny \u201eChaty za wsi\u0105\u201d.","potentialAction":[{"@type":"SearchAction","target":{"@type":"EntryPoint","urlTemplate":"http:\/\/chatyzawsia.eu\/?s={search_term_string}"},"query-input":"required name=search_term_string"}],"inLanguage":"pl-PL"}]}},"_links":{"self":[{"href":"http:\/\/chatyzawsia.eu\/index.php?rest_route=\/wp\/v2\/pages\/65468"}],"collection":[{"href":"http:\/\/chatyzawsia.eu\/index.php?rest_route=\/wp\/v2\/pages"}],"about":[{"href":"http:\/\/chatyzawsia.eu\/index.php?rest_route=\/wp\/v2\/types\/page"}],"author":[{"embeddable":true,"href":"http:\/\/chatyzawsia.eu\/index.php?rest_route=\/wp\/v2\/users\/1"}],"replies":[{"embeddable":true,"href":"http:\/\/chatyzawsia.eu\/index.php?rest_route=%2Fwp%2Fv2%2Fcomments&post=65468"}],"version-history":[{"count":24,"href":"http:\/\/chatyzawsia.eu\/index.php?rest_route=\/wp\/v2\/pages\/65468\/revisions"}],"predecessor-version":[{"id":65943,"href":"http:\/\/chatyzawsia.eu\/index.php?rest_route=\/wp\/v2\/pages\/65468\/revisions\/65943"}],"wp:featuredmedia":[{"embeddable":true,"href":"http:\/\/chatyzawsia.eu\/index.php?rest_route=\/wp\/v2\/media\/65504"}],"wp:attachment":[{"href":"http:\/\/chatyzawsia.eu\/index.php?rest_route=%2Fwp%2Fv2%2Fmedia&parent=65468"}],"curies":[{"name":"wp","href":"https:\/\/api.w.org\/{rel}","templated":true}]}}