{"id":17,"date":"2017-11-22T14:21:30","date_gmt":"2017-11-22T14:21:30","guid":{"rendered":"http:\/\/chatyzawsia.eu\/?page_id=17"},"modified":"2024-03-20T19:17:55","modified_gmt":"2024-03-20T19:17:55","slug":"oferta","status":"publish","type":"page","link":"http:\/\/chatyzawsia.eu\/?page_id=17","title":{"rendered":"Chaty"},"content":{"rendered":"<div class=\"wpb-content-wrapper\"><p>[vc_row][vc_column column_width_percent=&#8221;100&#8243; position_vertical=&#8221;middle&#8221; align_horizontal=&#8221;align_center&#8221; gutter_size=&#8221;3&#8243; style=&#8221;light&#8221; font_family=&#8221;font-411285&#8243; overlay_alpha=&#8221;50&#8243; shift_x=&#8221;0&#8243; shift_y=&#8221;0&#8243; shift_y_down=&#8221;0&#8243; z_index=&#8221;0&#8243; medium_width=&#8221;0&#8243; mobile_width=&#8221;0&#8243; width=&#8221;1\/1&#8243;][vc_custom_heading]<\/p>\n<h3>Do Pa\u0144stwa dyspozycji pozostawiamy trzy kompleksowo wyposa\u017cone domy. Ka\u017cdy z nich urz\u0105dzony jest w wyj\u0105tkowym i oryginalnym stylu.<\/h3>\n<p>[\/vc_custom_heading][vc_separator sep_color=&#8221;color-jevc&#8221; el_width=&#8221;75%&#8221;][vc_custom_heading text_color=&#8221;color-dfgh&#8221; text_size=&#8221;h1&#8243; separator=&#8221;yes&#8221;]<\/p>\n<h1>Chata Mazurska<\/h1>\n<p>[\/vc_custom_heading][vc_row_inner row_inner_height_percent=&#8221;0&#8243; force_width_grid=&#8221;yes&#8221; overlay_alpha=&#8221;50&#8243; gutter_size=&#8221;3&#8243; shift_y=&#8221;0&#8243; z_index=&#8221;0&#8243;][vc_column_inner column_width_percent=&#8221;100&#8243; position_vertical=&#8221;middle&#8221; align_horizontal=&#8221;align_center&#8221; gutter_size=&#8221;3&#8243; overlay_alpha=&#8221;50&#8243; shift_x=&#8221;0&#8243; shift_y=&#8221;0&#8243; shift_y_down=&#8221;0&#8243; z_index=&#8221;0&#8243; medium_width=&#8221;0&#8243; mobile_width=&#8221;0&#8243; width=&#8221;1\/2&#8243;][vc_single_image media=&#8221;65503&#8243; media_lightbox=&#8221;yes&#8221; media_width_percent=&#8221;100&#8243; alignment=&#8221;center&#8221;][\/vc_column_inner][vc_column_inner column_width_percent=&#8221;100&#8243; position_vertical=&#8221;middle&#8221; align_horizontal=&#8221;align_center&#8221; gutter_size=&#8221;3&#8243; overlay_alpha=&#8221;50&#8243; shift_x=&#8221;0&#8243; shift_y=&#8221;0&#8243; shift_y_down=&#8221;0&#8243; z_index=&#8221;0&#8243; medium_width=&#8221;0&#8243; mobile_width=&#8221;0&#8243; width=&#8221;1\/2&#8243;][vc_column_text text_lead=&#8221;yes&#8221; uncode_shortcode_id=&#8221;176447&#8243;]Dom w formie &#8222;bli\u017aniaka&#8221;, po\u0142o\u017cony bezpo\u015brednio przy wodzie. Cz\u0119\u015b\u0107 wypoczynkowa wyko\u0144czona w drewnie, posiadaj\u0105ca taras z widokiem na staw. Na g\u00f3rze ka\u017cdej z cz\u0119\u015bci bli\u017aniaka jest przestronna sypialnia z podw\u00f3jnym \u0142\u00f3\u017ckiem. Jedna po\u0142owa &#8222;bli\u017aniaka&#8221; przeznaczona jest dla maksymalnie 4 os\u00f3b.<\/p>\n<p>Koszt wynaj\u0119cia ca\u0142ego domu &#8211; 750z\u0142\/doba.[\/vc_column_text][vc_button button_color=&#8221;color-dfgh&#8221; size=&#8221;btn-lg&#8221; hover_fx=&#8221;outlined&#8221; text_skin=&#8221;yes&#8221; shadow=&#8221;yes&#8221; border_width=&#8221;0&#8243; css_animation=&#8221;zoom-in&#8221; animation_speed=&#8221;800&#8243; link=&#8221;url:http%3A%2F%2Fchatyzawsia.eu%2F%3Fpage_id%3D65498|||&#8221;]ZOBACZ CHAT\u0118[\/vc_button][vc_button button_color=&#8221;color-dfgh&#8221; size=&#8221;btn-lg&#8221; hover_fx=&#8221;outlined&#8221; text_skin=&#8221;yes&#8221; shadow=&#8221;yes&#8221; border_width=&#8221;0&#8243; css_animation=&#8221;zoom-in&#8221; animation_speed=&#8221;800&#8243; link=&#8221;url:http%3A%2F%2Fchatyzawsia.eu%2F%3Fpage_id%3D65790|||&#8221;]ZAPYTAJ O TERMIN[\/vc_button][\/vc_column_inner][\/vc_row_inner][vc_separator sep_color=&#8221;color-jevc&#8221; el_width=&#8221;75%&#8221;][\/vc_column][\/vc_row][vc_row][vc_column column_width_percent=&#8221;100&#8243; position_vertical=&#8221;middle&#8221; align_horizontal=&#8221;align_center&#8221; gutter_size=&#8221;3&#8243; style=&#8221;light&#8221; font_family=&#8221;font-411285&#8243; overlay_alpha=&#8221;50&#8243; shift_x=&#8221;0&#8243; shift_y=&#8221;0&#8243; shift_y_down=&#8221;0&#8243; z_index=&#8221;0&#8243; medium_width=&#8221;0&#8243; mobile_width=&#8221;0&#8243; width=&#8221;1\/1&#8243;][vc_custom_heading text_color=&#8221;color-dfgh&#8221; text_size=&#8221;h1&#8243; separator=&#8221;yes&#8221;]<\/p>\n<h1>Chata Pruska<\/h1>\n<p>[\/vc_custom_heading][vc_row_inner row_inner_height_percent=&#8221;0&#8243; force_width_grid=&#8221;yes&#8221; overlay_alpha=&#8221;50&#8243; gutter_size=&#8221;3&#8243; shift_y=&#8221;0&#8243; z_index=&#8221;0&#8243;][vc_column_inner column_width_percent=&#8221;100&#8243; position_vertical=&#8221;middle&#8221; align_horizontal=&#8221;align_center&#8221; gutter_size=&#8221;3&#8243; overlay_alpha=&#8221;50&#8243; shift_x=&#8221;0&#8243; shift_y=&#8221;0&#8243; shift_y_down=&#8221;0&#8243; z_index=&#8221;0&#8243; medium_width=&#8221;0&#8243; mobile_width=&#8221;0&#8243; width=&#8221;1\/2&#8243;][vc_column_text text_lead=&#8221;yes&#8221; uncode_shortcode_id=&#8221;415949&#8243;]Dom wolnostoj\u0105cy, po\u0142o\u017cony na wzniesieniu. Cz\u0119\u015b\u0107 wypoczynkowa wyko\u0144czona w stylu pruskim, obejmuje salon i samodzieln\u0105 kuchni\u0119. Na g\u00f3rze dwie du\u017ce sypialnie z podw\u00f3jnymi \u0142\u00f3\u017ckami. Dom przeznaczony dla maksymalnie 6 os\u00f3b.<\/p>\n<p>Koszt wynaj\u0119cia domu zaczyna si\u0119 od 450 z\u0142 za dob\u0119, w zale\u017cno\u015bci od ilo\u015bci os\u00f3b.[\/vc_column_text][vc_button button_color=&#8221;color-dfgh&#8221; size=&#8221;btn-lg&#8221; hover_fx=&#8221;outlined&#8221; text_skin=&#8221;yes&#8221; shadow=&#8221;yes&#8221; border_width=&#8221;0&#8243; css_animation=&#8221;zoom-in&#8221; animation_speed=&#8221;800&#8243; link=&#8221;url:http%3A%2F%2Fchatyzawsia.eu%2F%3Fpage_id%3D65468|||&#8221;]ZOBACZ CHAT\u0118[\/vc_button][vc_button button_color=&#8221;color-dfgh&#8221; size=&#8221;btn-lg&#8221; hover_fx=&#8221;outlined&#8221; text_skin=&#8221;yes&#8221; shadow=&#8221;yes&#8221; border_width=&#8221;0&#8243; css_animation=&#8221;zoom-in&#8221; animation_speed=&#8221;800&#8243; link=&#8221;url:http%3A%2F%2Fchatyzawsia.eu%2F%3Fpage_id%3D65794|||&#8221;]ZAPYTAJ O TERMIN[\/vc_button][\/vc_column_inner][vc_column_inner column_width_percent=&#8221;100&#8243; position_vertical=&#8221;middle&#8221; align_horizontal=&#8221;align_center&#8221; gutter_size=&#8221;3&#8243; overlay_alpha=&#8221;50&#8243; shift_x=&#8221;0&#8243; shift_y=&#8221;0&#8243; shift_y_down=&#8221;0&#8243; z_index=&#8221;0&#8243; medium_width=&#8221;0&#8243; mobile_width=&#8221;0&#8243; width=&#8221;1\/2&#8243;][vc_single_image media=&#8221;65926&#8243; media_lightbox=&#8221;yes&#8221; media_width_percent=&#8221;100&#8243; alignment=&#8221;center&#8221; uncode_shortcode_id=&#8221;200268&#8243;][\/vc_column_inner][\/vc_row_inner][vc_separator sep_color=&#8221;color-jevc&#8221; el_width=&#8221;75%&#8221;][\/vc_column][\/vc_row]<\/p>\n<\/div>","protected":false},"excerpt":{"rendered":"<p>[vc_row][vc_column column_width_percent=&#8221;100&#8243; position_vertical=&#8221;middle&#8221; align_horizontal=&#8221;align_center&#8221; gutter_size=&#8221;3&#8243; style=&#8221;light&#8221; font_family=&#8221;font-411285&#8243; overlay_alpha=&#8221;50&#8243; shift_x=&#8221;0&#8243; shift_y=&#8221;0&#8243; shift_y_down=&#8221;0&#8243; z_index=&#8221;0&#8243; medium_width=&#8221;0&#8243; mobile_width=&#8221;0&#8243; width=&#8221;1\/1&#8243;][vc_custom_heading] Do Pa\u0144stwa dyspozycji pozostawiamy trzy [&hellip;]<\/p>\n","protected":false},"author":1,"featured_media":65727,"parent":0,"menu_order":0,"comment_status":"closed","ping_status":"closed","template":"","meta":{"footnotes":""},"yoast_head":"<!-- This site is optimized with the Yoast SEO plugin v22.3 - https:\/\/yoast.com\/wordpress\/plugins\/seo\/ -->\n<title>Chaty - Chaty za wsi\u0105<\/title>\n<meta name=\"robots\" content=\"index, follow, max-snippet:-1, max-image-preview:large, max-video-preview:-1\" \/>\n<link rel=\"canonical\" href=\"https:\/\/chatyzawsia.eu\/?page_id=17\" \/>\n<meta property=\"og:locale\" content=\"pl_PL\" \/>\n<meta property=\"og:type\" content=\"article\" \/>\n<meta property=\"og:title\" content=\"Chaty - Chaty za wsi\u0105\" \/>\n<meta property=\"og:description\" content=\"[vc_row][vc_column column_width_percent=&#8221;100&#8243; position_vertical=&#8221;middle&#8221; align_horizontal=&#8221;align_center&#8221; gutter_size=&#8221;3&#8243; style=&#8221;light&#8221; font_family=&#8221;font-411285&#8243; overlay_alpha=&#8221;50&#8243; shift_x=&#8221;0&#8243; shift_y=&#8221;0&#8243; shift_y_down=&#8221;0&#8243; z_index=&#8221;0&#8243; medium_width=&#8221;0&#8243; mobile_width=&#8221;0&#8243; width=&#8221;1\/1&#8243;][vc_custom_heading] Do Pa\u0144stwa dyspozycji pozostawiamy trzy [&hellip;]\" \/>\n<meta property=\"og:url\" content=\"https:\/\/chatyzawsia.eu\/?page_id=17\" \/>\n<meta property=\"og:site_name\" content=\"Chaty za wsi\u0105\" \/>\n<meta property=\"article:modified_time\" content=\"2024-03-20T19:17:55+00:00\" \/>\n<meta property=\"og:image\" content=\"https:\/\/chatyzawsia.eu\/wp-content\/uploads\/2017\/11\/Chata-My\u015bliwska0360.jpg\" \/>\n\t<meta property=\"og:image:width\" content=\"1600\" \/>\n\t<meta property=\"og:image:height\" content=\"1143\" \/>\n\t<meta property=\"og:image:type\" content=\"image\/jpeg\" \/>\n<meta name=\"twitter:card\" content=\"summary_large_image\" \/>\n<meta name=\"twitter:label1\" content=\"Szacowany czas czytania\" \/>\n\t<meta name=\"twitter:data1\" content=\"2 minuty\" \/>\n<script type=\"application\/ld+json\" class=\"yoast-schema-graph\">{\"@context\":\"https:\/\/schema.org\",\"@graph\":[{\"@type\":\"WebPage\",\"@id\":\"https:\/\/chatyzawsia.eu\/?page_id=17\",\"url\":\"https:\/\/chatyzawsia.eu\/?page_id=17\",\"name\":\"Chaty - Chaty za wsi\u0105\",\"isPartOf\":{\"@id\":\"http:\/\/chatyzawsia.eu\/#website\"},\"primaryImageOfPage\":{\"@id\":\"https:\/\/chatyzawsia.eu\/?page_id=17#primaryimage\"},\"image\":{\"@id\":\"https:\/\/chatyzawsia.eu\/?page_id=17#primaryimage\"},\"thumbnailUrl\":\"http:\/\/chatyzawsia.eu\/wp-content\/uploads\/2017\/11\/Chata-My\u015bliwska0360.jpg\",\"datePublished\":\"2017-11-22T14:21:30+00:00\",\"dateModified\":\"2024-03-20T19:17:55+00:00\",\"breadcrumb\":{\"@id\":\"https:\/\/chatyzawsia.eu\/?page_id=17#breadcrumb\"},\"inLanguage\":\"pl-PL\",\"potentialAction\":[{\"@type\":\"ReadAction\",\"target\":[\"https:\/\/chatyzawsia.eu\/?page_id=17\"]}]},{\"@type\":\"ImageObject\",\"inLanguage\":\"pl-PL\",\"@id\":\"https:\/\/chatyzawsia.eu\/?page_id=17#primaryimage\",\"url\":\"http:\/\/chatyzawsia.eu\/wp-content\/uploads\/2017\/11\/Chata-My\u015bliwska0360.jpg\",\"contentUrl\":\"http:\/\/chatyzawsia.eu\/wp-content\/uploads\/2017\/11\/Chata-My\u015bliwska0360.jpg\",\"width\":1600,\"height\":1143},{\"@type\":\"BreadcrumbList\",\"@id\":\"https:\/\/chatyzawsia.eu\/?page_id=17#breadcrumb\",\"itemListElement\":[{\"@type\":\"ListItem\",\"position\":1,\"name\":\"Strona g\u0142\u00f3wna\",\"item\":\"http:\/\/chatyzawsia.eu\/\"},{\"@type\":\"ListItem\",\"position\":2,\"name\":\"Chaty\"}]},{\"@type\":\"WebSite\",\"@id\":\"http:\/\/chatyzawsia.eu\/#website\",\"url\":\"http:\/\/chatyzawsia.eu\/\",\"name\":\"Chaty za wsi\u0105\",\"description\":\"Daleko od wielkomiejskiego zgie\u0142ku po\u015br\u00f3d mazurskich las\u00f3w i jezior, gdzie\u015b mi\u0119dzy Mr\u0105gowem, a Gi\u017cyckiem czeka na Pa\u0144stwa oaza spokoju i wypoczynku, kompleks turystyczny \u201eChaty za wsi\u0105\u201d.\",\"potentialAction\":[{\"@type\":\"SearchAction\",\"target\":{\"@type\":\"EntryPoint\",\"urlTemplate\":\"http:\/\/chatyzawsia.eu\/?s={search_term_string}\"},\"query-input\":\"required name=search_term_string\"}],\"inLanguage\":\"pl-PL\"}]}<\/script>\n<!-- \/ Yoast SEO plugin. -->","yoast_head_json":{"title":"Chaty - Chaty za wsi\u0105","robots":{"index":"index","follow":"follow","max-snippet":"max-snippet:-1","max-image-preview":"max-image-preview:large","max-video-preview":"max-video-preview:-1"},"canonical":"https:\/\/chatyzawsia.eu\/?page_id=17","og_locale":"pl_PL","og_type":"article","og_title":"Chaty - Chaty za wsi\u0105","og_description":"[vc_row][vc_column column_width_percent=&#8221;100&#8243; position_vertical=&#8221;middle&#8221; align_horizontal=&#8221;align_center&#8221; gutter_size=&#8221;3&#8243; style=&#8221;light&#8221; font_family=&#8221;font-411285&#8243; overlay_alpha=&#8221;50&#8243; shift_x=&#8221;0&#8243; shift_y=&#8221;0&#8243; shift_y_down=&#8221;0&#8243; z_index=&#8221;0&#8243; medium_width=&#8221;0&#8243; mobile_width=&#8221;0&#8243; width=&#8221;1\/1&#8243;][vc_custom_heading] Do Pa\u0144stwa dyspozycji pozostawiamy trzy [&hellip;]","og_url":"https:\/\/chatyzawsia.eu\/?page_id=17","og_site_name":"Chaty za wsi\u0105","article_modified_time":"2024-03-20T19:17:55+00:00","og_image":[{"width":1600,"height":1143,"url":"https:\/\/chatyzawsia.eu\/wp-content\/uploads\/2017\/11\/Chata-My\u015bliwska0360.jpg","type":"image\/jpeg"}],"twitter_card":"summary_large_image","twitter_misc":{"Szacowany czas czytania":"2 minuty"},"schema":{"@context":"https:\/\/schema.org","@graph":[{"@type":"WebPage","@id":"https:\/\/chatyzawsia.eu\/?page_id=17","url":"https:\/\/chatyzawsia.eu\/?page_id=17","name":"Chaty - Chaty za wsi\u0105","isPartOf":{"@id":"http:\/\/chatyzawsia.eu\/#website"},"primaryImageOfPage":{"@id":"https:\/\/chatyzawsia.eu\/?page_id=17#primaryimage"},"image":{"@id":"https:\/\/chatyzawsia.eu\/?page_id=17#primaryimage"},"thumbnailUrl":"http:\/\/chatyzawsia.eu\/wp-content\/uploads\/2017\/11\/Chata-My\u015bliwska0360.jpg","datePublished":"2017-11-22T14:21:30+00:00","dateModified":"2024-03-20T19:17:55+00:00","breadcrumb":{"@id":"https:\/\/chatyzawsia.eu\/?page_id=17#breadcrumb"},"inLanguage":"pl-PL","potentialAction":[{"@type":"ReadAction","target":["https:\/\/chatyzawsia.eu\/?page_id=17"]}]},{"@type":"ImageObject","inLanguage":"pl-PL","@id":"https:\/\/chatyzawsia.eu\/?page_id=17#primaryimage","url":"http:\/\/chatyzawsia.eu\/wp-content\/uploads\/2017\/11\/Chata-My\u015bliwska0360.jpg","contentUrl":"http:\/\/chatyzawsia.eu\/wp-content\/uploads\/2017\/11\/Chata-My\u015bliwska0360.jpg","width":1600,"height":1143},{"@type":"BreadcrumbList","@id":"https:\/\/chatyzawsia.eu\/?page_id=17#breadcrumb","itemListElement":[{"@type":"ListItem","position":1,"name":"Strona g\u0142\u00f3wna","item":"http:\/\/chatyzawsia.eu\/"},{"@type":"ListItem","position":2,"name":"Chaty"}]},{"@type":"WebSite","@id":"http:\/\/chatyzawsia.eu\/#website","url":"http:\/\/chatyzawsia.eu\/","name":"Chaty za wsi\u0105","description":"Daleko od wielkomiejskiego zgie\u0142ku po\u015br\u00f3d mazurskich las\u00f3w i jezior, gdzie\u015b mi\u0119dzy Mr\u0105gowem, a Gi\u017cyckiem czeka na Pa\u0144stwa oaza spokoju i wypoczynku, kompleks turystyczny \u201eChaty za wsi\u0105\u201d.","potentialAction":[{"@type":"SearchAction","target":{"@type":"EntryPoint","urlTemplate":"http:\/\/chatyzawsia.eu\/?s={search_term_string}"},"query-input":"required name=search_term_string"}],"inLanguage":"pl-PL"}]}},"_links":{"self":[{"href":"http:\/\/chatyzawsia.eu\/index.php?rest_route=\/wp\/v2\/pages\/17"}],"collection":[{"href":"http:\/\/chatyzawsia.eu\/index.php?rest_route=\/wp\/v2\/pages"}],"about":[{"href":"http:\/\/chatyzawsia.eu\/index.php?rest_route=\/wp\/v2\/types\/page"}],"author":[{"embeddable":true,"href":"http:\/\/chatyzawsia.eu\/index.php?rest_route=\/wp\/v2\/users\/1"}],"replies":[{"embeddable":true,"href":"http:\/\/chatyzawsia.eu\/index.php?rest_route=%2Fwp%2Fv2%2Fcomments&post=17"}],"version-history":[{"count":81,"href":"http:\/\/chatyzawsia.eu\/index.php?rest_route=\/wp\/v2\/pages\/17\/revisions"}],"predecessor-version":[{"id":65903,"href":"http:\/\/chatyzawsia.eu\/index.php?rest_route=\/wp\/v2\/pages\/17\/revisions\/65903"}],"wp:featuredmedia":[{"embeddable":true,"href":"http:\/\/chatyzawsia.eu\/index.php?rest_route=\/wp\/v2\/media\/65727"}],"wp:attachment":[{"href":"http:\/\/chatyzawsia.eu\/index.php?rest_route=%2Fwp%2Fv2%2Fmedia&parent=17"}],"curies":[{"name":"wp","href":"https:\/\/api.w.org\/{rel}","templated":true}]}}